{"id":165,"date":"2015-11-07T16:37:35","date_gmt":"2015-11-07T16:37:35","guid":{"rendered":"http:\/\/rhein-main-exeg.de\/?page_id=165"},"modified":"2022-11-12T19:16:42","modified_gmt":"2022-11-12T19:16:42","slug":"zeitplan","status":"publish","type":"page","link":"http:\/\/rhein-main-exeg.de\/?page_id=165","title":{"rendered":"Zeitplan"},"content":{"rendered":"<p>Ein Rhein-Main-Exegesetreffen l\u00e4uft in etwa so ab:<\/p>\n<p>11.00 Uhr s.t. Begr\u00fc\u00dfung, anschlie\u00dfend der <strong>Hauptvortrag <\/strong>(ca. 60 Minuten)<\/p>\n<p>12.15 Uhr \u00a0 \u00a0 \u00a0 \u00a0<strong>Mittagessen<\/strong> in der Mensa<\/p>\n<p>13.15 Uhr \u00a0 \u00a0 \u00a0 Gesch\u00e4ftssitzung, anschlie\u00dfend das <strong>Korreferat<\/strong> (ca. 15-20 Minuten),<\/p>\n<p>anschlie\u00dfend <strong>offene Diskussion<\/strong> mit Kaffeepause, Ende gegen 15.00 Uhr.<\/p>\n","protected":false},"excerpt":{"rendered":"<p>Ein Rhein-Main-Exegesetreffen l\u00e4uft in etwa so ab: 11.00 Uhr s.t. Begr\u00fc\u00dfung, anschlie\u00dfend der Hauptvortrag (ca. 60 Minuten) 12.15 Uhr \u00a0 \u00a0 \u00a0 \u00a0Mittagessen in der Mensa 13.15 Uhr \u00a0 \u00a0 \u00a0 Gesch\u00e4ftssitzung, anschlie\u00dfend das Korreferat (ca. 15-20 Minuten), anschlie\u00dfend offene &hellip; <a href=\"http:\/\/rhein-main-exeg.de\/?page_id=165\">Continue reading <span class=\"meta-nav\">&rarr;<\/span><\/a><\/p>\n","protected":false},"author":1,"featured_media":0,"parent":0,"menu_order":5,"comment_status":"closed","ping_status":"closed","template":"","meta":{"footnotes":""},"class_list":["post-165","page","type-page","status-publish","hentry"],"_links":{"self":[{"href":"http:\/\/rhein-main-exeg.de\/index.php?rest_route=\/wp\/v2\/pages\/165","targetHints":{"allow":["GET"]}}],"collection":[{"href":"http:\/\/rhein-main-exeg.de\/index.php?rest_route=\/wp\/v2\/pages"}],"about":[{"href":"http:\/\/rhein-main-exeg.de\/index.php?rest_route=\/wp\/v2\/types\/page"}],"author":[{"embeddable":true,"href":"http:\/\/rhein-main-exeg.de\/index.php?rest_route=\/wp\/v2\/users\/1"}],"replies":[{"embeddable":true,"href":"http:\/\/rhein-main-exeg.de\/index.php?rest_route=%2Fwp%2Fv2%2Fcomments&post=165"}],"version-history":[{"count":3,"href":"http:\/\/rhein-main-exeg.de\/index.php?rest_route=\/wp\/v2\/pages\/165\/revisions"}],"predecessor-version":[{"id":496,"href":"http:\/\/rhein-main-exeg.de\/index.php?rest_route=\/wp\/v2\/pages\/165\/revisions\/496"}],"wp:attachment":[{"href":"http:\/\/rhein-main-exeg.de\/index.php?rest_route=%2Fwp%2Fv2%2Fmedia&parent=165"}],"curies":[{"name":"wp","href":"https:\/\/api.w.org\/{rel}","templated":true}]}}