{"id":19,"date":"2012-06-02T21:16:47","date_gmt":"2012-06-02T21:16:47","guid":{"rendered":"http:\/\/rhein-main-exeg.de\/?page_id=19"},"modified":"2025-05-03T12:02:23","modified_gmt":"2025-05-03T12:02:23","slug":"kontakt","status":"publish","type":"page","link":"http:\/\/rhein-main-exeg.de\/?page_id=19","title":{"rendered":"Impressum"},"content":{"rendered":"\n<h2 class=\"wp-block-heading\"><strong>Vorsitzende<\/strong><\/h2>\n\n\n\n<h3 class=\"wp-block-heading\">Prof. Dr. Melanie Peetz<\/h3>\n\n\n\n<p>Lehrstuhl f\u00fcr Exegese des Alten Testaments und Geschichte des antiken Israels an der Philosophisch-Theologischen Hochschule Sankt Georgen, Frankfurt a.M., <a href=\"https:\/\/www.sankt-georgen.de\/hochschule\/organisation\/professorium\/melanie-peetz\/?L=520%27%2C%28%3B%29%29\" target=\"_blank\" rel=\"noreferrer noopener\">Homepage<\/a><\/p>\n\n\n\n<h2 class=\"wp-block-heading\"><strong>Stellvertreter<\/strong><\/h2>\n\n\n\n<h3 class=\"wp-block-heading\">Prof. Dr. Thomas Hieke<\/h3>\n\n\n\n<p>Seminar f\u00fcr Biblische Wissenschaften, Abteilung Altes Testament am FB 01: Katholische Theologie und Evangelische Theologie, Fakult\u00e4t Katholische Theologie, Johannes Gutenberg-Universit\u00e4t Mainz &#8211; <a href=\"http:\/\/www.at.kath.theologie.uni-mainz.de\" target=\"_blank\" rel=\"noopener\">Homepage<\/a><\/p>\n\n\n\n<h2 class=\"wp-block-heading\"><strong>Sekret\u00e4r<\/strong><\/h2>\n\n\n\n<h3 class=\"wp-block-heading\">Prof. Dr. Dieter B\u00f6hler<\/h3>\n\n\n\n<p>Seminar f\u00fcr Exegese des Alten Testaments an der Philosophisch-Theologischen Hochschule Sankt Georgen, Frankfurt a. M., <a href=\"http:\/\/www.sankt-georgen.de\/lehrende\/boehler.html\" target=\"_blank\" rel=\"noopener\">Homepage<\/a><\/p>\n\n\n\n<p>E-mail: <a href=\"mailto:boehler@sankt-georgen.de\">boehler@sankt-georgen.de<\/a><\/p>\n\n\n\n<p><strong>(Vom Sekret\u00e4r k\u00f6nnen regelm\u00e4\u00dfige Teilnehmerinnen und Teilnehmer bei Bedarf eine aktuelle Adressenliste des Teilnehmerkreises anfordern.)<\/strong><\/p>\n\n\n\n<p>&nbsp;<\/p>\n\n\n\n<p>&nbsp;<\/p>\n","protected":false},"excerpt":{"rendered":"<p>Vorsitzende Prof. Dr. Melanie Peetz Lehrstuhl f\u00fcr Exegese des Alten Testaments und Geschichte des antiken Israels an der Philosophisch-Theologischen Hochschule Sankt Georgen, Frankfurt a.M., Homepage Stellvertreter Prof. Dr. Thomas Hieke Seminar f\u00fcr Biblische Wissenschaften, Abteilung Altes Testament am FB 01: &hellip; <a href=\"http:\/\/rhein-main-exeg.de\/?page_id=19\">Continue reading <span class=\"meta-nav\">&rarr;<\/span><\/a><\/p>\n","protected":false},"author":1,"featured_media":0,"parent":0,"menu_order":3,"comment_status":"closed","ping_status":"closed","template":"","meta":{"footnotes":""},"class_list":["post-19","page","type-page","status-publish","hentry"],"_links":{"self":[{"href":"http:\/\/rhein-main-exeg.de\/index.php?rest_route=\/wp\/v2\/pages\/19","targetHints":{"allow":["GET"]}}],"collection":[{"href":"http:\/\/rhein-main-exeg.de\/index.php?rest_route=\/wp\/v2\/pages"}],"about":[{"href":"http:\/\/rhein-main-exeg.de\/index.php?rest_route=\/wp\/v2\/types\/page"}],"author":[{"embeddable":true,"href":"http:\/\/rhein-main-exeg.de\/index.php?rest_route=\/wp\/v2\/users\/1"}],"replies":[{"embeddable":true,"href":"http:\/\/rhein-main-exeg.de\/index.php?rest_route=%2Fwp%2Fv2%2Fcomments&post=19"}],"version-history":[{"count":6,"href":"http:\/\/rhein-main-exeg.de\/index.php?rest_route=\/wp\/v2\/pages\/19\/revisions"}],"predecessor-version":[{"id":638,"href":"http:\/\/rhein-main-exeg.de\/index.php?rest_route=\/wp\/v2\/pages\/19\/revisions\/638"}],"wp:attachment":[{"href":"http:\/\/rhein-main-exeg.de\/index.php?rest_route=%2Fwp%2Fv2%2Fmedia&parent=19"}],"curies":[{"name":"wp","href":"https:\/\/api.w.org\/{rel}","templated":true}]}}