{"id":2,"date":"2012-06-02T20:39:24","date_gmt":"2012-06-02T20:39:24","guid":{"rendered":"http:\/\/rhein-main-exeg.de\/?page_id=2"},"modified":"2026-04-08T09:13:06","modified_gmt":"2026-04-08T09:13:06","slug":"sample-page","status":"publish","type":"page","link":"http:\/\/rhein-main-exeg.de\/?page_id=2","title":{"rendered":"Themen (die n\u00e4chsten Treffen)"},"content":{"rendered":"\n<p>Bitte wenden Sie sich mit Vorschl\u00e4gen zu alt- und neutestamentlichen Themen an die <a href=\"http:\/\/rhein-main-exeg.de\/?page_id=19\">Vorsitzende<\/a>! Herzlichen Dank!<\/p>\n\n\n\n<hr class=\"wp-block-separator has-css-opacity\"\/>\n\n\n\n<p><strong>166 &#8211; 30. Mai 2026 &#8211; NT<\/strong><\/p>\n\n\n\n<p>Prof. Dr. Markus Lau, W\u00fcrzburg, Titel: \u201eSchlagkr\u00e4ftige Witwe trifft auf Pr\u00fcgelknaben\u201c. Neue Perspektiven auf die Parabel vom Richter der Ungerechtigkeit und der Witwe auf der Suche nach \u1f10\u03ba\u03b4\u03af\u03ba\u03b7\u03c3\u03b9\u03c2 (Lk 18,1-8)<\/p>\n\n\n\n<p>Korreferat: Prof. Dr. Hans-Georg Gradl, Trier<\/p>\n\n\n\n<p><strong>167 &#8211; 14. November 2026 &#8211; AT<\/strong><\/p>\n\n\n\n<p>Vorschlag: Dr. Maximilian H\u00e4berlein, W\u00fcrzburg: Die Rhetorik der Restauration? Metaphern k\u00f6niglichen Neubeginns in der prophetischen Literatur (Arbeitstitel)<\/p>\n\n\n\n<p>Korreferat: Prof. Dr. Oliver Dyma, M\u00fcnster<\/p>\n\n\n\n<p><strong>168 &#8211; 23. Januar 2027 &#8211; NT<\/strong><\/p>\n\n\n\n<p>Vorschlag: Alexa Stephany, Trier: Unkraut unter dem Weizen (Mt 13,24-30): Ein Aufruf zur Toleranz?&nbsp; (Arbeitstitel; Dissertationsvorhaben unter Betreuung von Prof. Dr. Hans-Georg Gradl)<\/p>\n\n\n\n<p>Korreferat: Prof. Dr. Judith Hartenstein, RPTU in Landau<\/p>\n\n\n\n<p><strong>169 &#8211; Mai 2027 &#8211; AT<\/strong><\/p>\n\n\n\n<p>Vorschlag: br. Dr. Johannes Roth ofm, Frankfurt\/Sankt Georgen, Titel: t.b.a.<\/p>\n\n\n\n<p>Korreferat: N.N.<\/p>\n\n\n\n<p><strong>170 &#8211; November 2027 &#8211; NT<\/strong><\/p>\n\n\n\n<p>Vorschlag: Prof. Dr. Susanne Luther, G\u00f6ttingen, Titel: t.b.a.<\/p>\n\n\n\n<p>Korreferat: N.N.<\/p>\n\n\n\n<p><strong>171 &#8211; Januar 2028 &#8211; AT<\/strong><\/p>\n\n\n\n<p>Vorschlag: Dr. Bernhard Lehnart, Prophetie und Divination \u2013 das Ende einer Brandmauer qsm, nh\u0161 und <sup>c<\/sup>nn&nbsp; im Prophetengesetz Dtn 18,10.14 und die Prophetie der Hebr\u00e4ischen Bibel<\/p>\n\n\n\n<p>Korreferat: N.N.<\/p>\n\n\n\n<p><strong>172 &#8211; Mai 2028 &#8211; NT<\/strong><\/p>\n\n\n\n<p>Vorschlag: Prof. Dr. Ruben Zimmermann, Mainz: Johannesevangelium (Arbeitstitel)<\/p>\n\n\n\n<p>Korreferat: N.N.<\/p>\n\n\n\n<p><strong>173 &#8211; November 2028 &#8211; AT<\/strong><\/p>\n\n\n\n<p>Vorschlag: t.b.a.<\/p>\n\n\n\n<p>Korreferat: N.N.<\/p>\n\n\n\n<p><strong>Themenvorschl\u00e4ge aus dem AT und dem NT sowie weiterer Literatur im Umfeld der Bibel sind immer willkommen!<\/strong><\/p>\n","protected":false},"excerpt":{"rendered":"<p>Bitte wenden Sie sich mit Vorschl\u00e4gen zu alt- und neutestamentlichen Themen an die Vorsitzende! Herzlichen Dank! 166 &#8211; 30. Mai 2026 &#8211; NT Prof. Dr. Markus Lau, W\u00fcrzburg, Titel: \u201eSchlagkr\u00e4ftige Witwe trifft auf Pr\u00fcgelknaben\u201c. Neue Perspektiven auf die Parabel vom &hellip; <a href=\"http:\/\/rhein-main-exeg.de\/?page_id=2\">Continue reading <span class=\"meta-nav\">&rarr;<\/span><\/a><\/p>\n","protected":false},"author":1,"featured_media":60,"parent":0,"menu_order":1,"comment_status":"closed","ping_status":"closed","template":"","meta":{"footnotes":""},"class_list":["post-2","page","type-page","status-publish","has-post-thumbnail","hentry"],"_links":{"self":[{"href":"http:\/\/rhein-main-exeg.de\/index.php?rest_route=\/wp\/v2\/pages\/2","targetHints":{"allow":["GET"]}}],"collection":[{"href":"http:\/\/rhein-main-exeg.de\/index.php?rest_route=\/wp\/v2\/pages"}],"about":[{"href":"http:\/\/rhein-main-exeg.de\/index.php?rest_route=\/wp\/v2\/types\/page"}],"author":[{"embeddable":true,"href":"http:\/\/rhein-main-exeg.de\/index.php?rest_route=\/wp\/v2\/users\/1"}],"replies":[{"embeddable":true,"href":"http:\/\/rhein-main-exeg.de\/index.php?rest_route=%2Fwp%2Fv2%2Fcomments&post=2"}],"version-history":[{"count":205,"href":"http:\/\/rhein-main-exeg.de\/index.php?rest_route=\/wp\/v2\/pages\/2\/revisions"}],"predecessor-version":[{"id":687,"href":"http:\/\/rhein-main-exeg.de\/index.php?rest_route=\/wp\/v2\/pages\/2\/revisions\/687"}],"wp:featuredmedia":[{"embeddable":true,"href":"http:\/\/rhein-main-exeg.de\/index.php?rest_route=\/wp\/v2\/media\/60"}],"wp:attachment":[{"href":"http:\/\/rhein-main-exeg.de\/index.php?rest_route=%2Fwp%2Fv2%2Fmedia&parent=2"}],"curies":[{"name":"wp","href":"https:\/\/api.w.org\/{rel}","templated":true}]}}