{"id":35,"date":"2012-06-02T21:28:12","date_gmt":"2012-06-02T21:28:12","guid":{"rendered":"http:\/\/rhein-main-exeg.de\/?page_id=35"},"modified":"2025-05-03T18:30:41","modified_gmt":"2025-05-03T18:30:41","slug":"geschichte-des-treffens","status":"publish","type":"page","link":"http:\/\/rhein-main-exeg.de\/?page_id=35","title":{"rendered":"Geschichte des Treffens"},"content":{"rendered":"\n<p>Beim 163. Treffen am <strong>3. Mai 2025<\/strong> <strong>wechselte der Vorsitz<\/strong> des Rhein-Main-Exegesetreffens von Prof. Dr. Thomas Hieke, Mainz auf <strong>Prof. Dr. Melanie Peetz<\/strong>, Frankfurt\/Sankt Georgen.<\/p>\n\n\n\n<p>Zum <strong>50j\u00e4hrigen Jubil\u00e4um des Rhein-Main-Exegetentreffens<\/strong> und anl\u00e4sslich des 151. Treffen hat Tobias Schr\u00f6rs in der Frankfurter Allgemeinen Zeitung vom 1. Juni 2021 (Nr. 124, Seite 30) einen Artikel verfasst. Leider kann der Artikel aus lizenzrechtlichen Gr\u00fcnden hier nicht eingestellt werden.<\/p>\n\n\n\n<p>Das <strong>150. Rhein-Main-Exegesetreffen<\/strong> fand am 23. Januar <strong>2021<\/strong> in digitaler Form statt. Die Vortr\u00e4ge hielten Prof. Dr. Dieter B\u00f6hler (Frankfurt\/Sankt Georgen; Thema: Zum Davidbild im Psalter) und Prof. Dr. Sandra Huebenthal (Passau; Thema: Die Bedeutung des Psalters f\u00fcr die Christologie des Neuen Testaments &#8211; ein theologischer Diskurs?).&nbsp;An diesem digitalen Treffen nahm auch das letzte noch lebende Gr\u00fcndungsmitglied P. Prof. Dr. Norbert Lohfink SJ teil. Nach seiner Erinnerung waren unter den Gr\u00fcndungsmitgliedern des Rhein-Main-Exegetentreffens (so hie\u00df es damals noch!) die Kollegen Ferdinand Hahn (Mainz), Wilhelm Pesch (Mainz), Fritzleo Lentzen-Deis SJ (Frankfurt\/M.), Rudolf Pesch (Frankfurt\/M.), Josef Schreiner (W\u00fcrzburg, mit seinem Assistenten Erich Zenger), Rudolf Schnackenburg (W\u00fcrzburg).<\/p>\n\n\n\n<p><a title=\"40 Jahre Rhein-Main-Exegesetreffen\" href=\"http:\/\/rhein-main-exeg.de\/?page_id=37\">Artikel<\/a> in der Frankfurter Allgemeinen Zeitung vom 28. Juni <strong>2011<\/strong>: <strong>40 Jahre<\/strong> Rhein-Main-Exegesetreffen &#8211; &#8220;Forschungslabor f\u00fcr Exegeten&#8221;<\/p>\n\n\n\n<p><a title=\"30 Jahre Rhein-Main-Exegetentreffen\" href=\"http:\/\/rhein-main-exeg.de\/?page_id=39\">Pressemitteilung<\/a>: <strong>30 Jahre<\/strong> Rhein-Main-Exegetentreffen &#8211; \u00d6kumenisches Jubil\u00e4um in Frankfurt\/St. Georgen (<strong>2001<\/strong>)<\/p>\n\n\n\n<p>Die <a title=\"Die Vorsitzenden und die Sekret\u00e4re\" href=\"http:\/\/rhein-main-exeg.de\/?page_id=41\">Vorsitzenden&nbsp;und die Sekret\u00e4re<\/a> des Rhein-Main-Exegetentreffens<\/p>\n\n\n\n<p><a href=\"http:\/\/rhein-main-exeg.de\/?page_id=311\" target=\"_blank\" rel=\"noopener noreferrer\">Totenehrung<\/a><\/p>\n\n\n\n<p><\/p>\n","protected":false},"excerpt":{"rendered":"<p>Beim 163. Treffen am 3. Mai 2025 wechselte der Vorsitz des Rhein-Main-Exegesetreffens von Prof. Dr. Thomas Hieke, Mainz auf Prof. Dr. Melanie Peetz, Frankfurt\/Sankt Georgen. Zum 50j\u00e4hrigen Jubil\u00e4um des Rhein-Main-Exegetentreffens und anl\u00e4sslich des 151. Treffen hat Tobias Schr\u00f6rs in der &hellip; <a href=\"http:\/\/rhein-main-exeg.de\/?page_id=35\">Continue reading <span class=\"meta-nav\">&rarr;<\/span><\/a><\/p>\n","protected":false},"author":1,"featured_media":0,"parent":0,"menu_order":6,"comment_status":"closed","ping_status":"closed","template":"","meta":{"footnotes":""},"class_list":["post-35","page","type-page","status-publish","hentry"],"_links":{"self":[{"href":"http:\/\/rhein-main-exeg.de\/index.php?rest_route=\/wp\/v2\/pages\/35","targetHints":{"allow":["GET"]}}],"collection":[{"href":"http:\/\/rhein-main-exeg.de\/index.php?rest_route=\/wp\/v2\/pages"}],"about":[{"href":"http:\/\/rhein-main-exeg.de\/index.php?rest_route=\/wp\/v2\/types\/page"}],"author":[{"embeddable":true,"href":"http:\/\/rhein-main-exeg.de\/index.php?rest_route=\/wp\/v2\/users\/1"}],"replies":[{"embeddable":true,"href":"http:\/\/rhein-main-exeg.de\/index.php?rest_route=%2Fwp%2Fv2%2Fcomments&post=35"}],"version-history":[{"count":11,"href":"http:\/\/rhein-main-exeg.de\/index.php?rest_route=\/wp\/v2\/pages\/35\/revisions"}],"predecessor-version":[{"id":643,"href":"http:\/\/rhein-main-exeg.de\/index.php?rest_route=\/wp\/v2\/pages\/35\/revisions\/643"}],"wp:attachment":[{"href":"http:\/\/rhein-main-exeg.de\/index.php?rest_route=%2Fwp%2Fv2%2Fmedia&parent=35"}],"curies":[{"name":"wp","href":"https:\/\/api.w.org\/{rel}","templated":true}]}}