{"id":66,"date":"2012-06-29T16:13:53","date_gmt":"2012-06-29T16:13:53","guid":{"rendered":"http:\/\/rhein-main-exeg.de\/?page_id=66"},"modified":"2025-05-03T18:55:52","modified_gmt":"2025-05-03T18:55:52","slug":"web-publikationen","status":"publish","type":"page","link":"http:\/\/rhein-main-exeg.de\/?page_id=66","title":{"rendered":"Web-Publikationen"},"content":{"rendered":"\n<h3 class=\"wp-block-heading\">Links zu Online-Ver\u00f6ffentlichungen von Mitgliedern des Rhein-Main-Exegesetreffens<\/h3>\n\n\n\n<p>(Mitglieder k\u00f6nnen Linkvorschl\u00e4ge an den stellvertretenden Vorsitzenden schicken: <a title=\"Kontakt\" href=\"http:\/\/rhein-main-exeg.de\/?page_id=19\">Kontakt<\/a>)<\/p>\n\n\n\n<p><em>Erhard S. Gerstenberger:<\/em> Die Hebr\u00e4ische Bibel als Buch der Befreiung. Ausgew\u00e4hlte Aufs\u00e4tze (<a href=\"http:\/\/geb.uni-giessen.de\/geb\/volltexte\/2012\/8601\/\" target=\"_blank\">hier klicken<\/a>)<\/p>\n","protected":false},"excerpt":{"rendered":"<p>Links zu Online-Ver\u00f6ffentlichungen von Mitgliedern des Rhein-Main-Exegesetreffens (Mitglieder k\u00f6nnen Linkvorschl\u00e4ge an den stellvertretenden Vorsitzenden schicken: Kontakt) Erhard S. Gerstenberger: Die Hebr\u00e4ische Bibel als Buch der Befreiung. Ausgew\u00e4hlte Aufs\u00e4tze (hier klicken)<\/p>\n","protected":false},"author":1,"featured_media":0,"parent":0,"menu_order":7,"comment_status":"closed","ping_status":"closed","template":"","meta":{"footnotes":""},"class_list":["post-66","page","type-page","status-publish","hentry"],"_links":{"self":[{"href":"http:\/\/rhein-main-exeg.de\/index.php?rest_route=\/wp\/v2\/pages\/66","targetHints":{"allow":["GET"]}}],"collection":[{"href":"http:\/\/rhein-main-exeg.de\/index.php?rest_route=\/wp\/v2\/pages"}],"about":[{"href":"http:\/\/rhein-main-exeg.de\/index.php?rest_route=\/wp\/v2\/types\/page"}],"author":[{"embeddable":true,"href":"http:\/\/rhein-main-exeg.de\/index.php?rest_route=\/wp\/v2\/users\/1"}],"replies":[{"embeddable":true,"href":"http:\/\/rhein-main-exeg.de\/index.php?rest_route=%2Fwp%2Fv2%2Fcomments&post=66"}],"version-history":[{"count":10,"href":"http:\/\/rhein-main-exeg.de\/index.php?rest_route=\/wp\/v2\/pages\/66\/revisions"}],"predecessor-version":[{"id":650,"href":"http:\/\/rhein-main-exeg.de\/index.php?rest_route=\/wp\/v2\/pages\/66\/revisions\/650"}],"wp:attachment":[{"href":"http:\/\/rhein-main-exeg.de\/index.php?rest_route=%2Fwp%2Fv2%2Fmedia&parent=66"}],"curies":[{"name":"wp","href":"https:\/\/api.w.org\/{rel}","templated":true}]}}